{"id":6747,"date":"2024-03-27T12:53:22","date_gmt":"2024-03-27T11:53:22","guid":{"rendered":"https:\/\/www.way2global.com\/?page_id=6747"},"modified":"2024-09-26T15:55:51","modified_gmt":"2024-09-26T13:55:51","slug":"certified-translation","status":"publish","type":"page","link":"https:\/\/www.way2global.com\/en\/multilingual-translation-services\/certified-translation-services\/","title":{"rendered":"Certified translation"},"content":{"rendered":"<p><strong>Certified translation<\/strong>\u00a0is one of the services we have been providing for more than 30 years to ensure the compliance and international validity of sensitive documents such as birth certificates, academic qualifications, legal documents and business contracts.<\/p>\n<p>These translations are essential to ensure that the content remains\u00a0<strong>faithful to the original<\/strong>\u00a0and is\u00a0<strong>accepted as authentic<\/strong>\u00a0by foreign authorities. Our certified translations attest to the accuracy and reliability of the information, facilitating international recognition of official documents.<\/p>\n<p>The process we follow to provide certified translations is rigorous and detail-oriented. We entrust every document to\u00a0<strong>specialized translators<\/strong>\u00a0who draw on their professionalism to ensure a faithful translation, preserving the style, tone and consistency of the original document. Following translation, the document undergoes\u00a0<strong>multiple checking stages<\/strong>\u00a0(revision &amp; proofreading) to eliminate errors and oversights.<\/p>\n<p>The translation is\u00a0<em>certified<\/em>\u00a0when the translator, in their capacity as a qualified professional, signs and stamps it, accompanying the document with a declaration that it corresponds to the original.<\/p>\n<p>It is important to note that the validity of certified translations varies from country to country, and often has less legal value than sworn translations. However, it is a fast, effective solution for translation of certificates, diplomas, degree certificates, r\u00e9sum\u00e9s, reference letters, and certificates of registration with professional associations or orders, providing a reliable option for less formal but still important requirements.<\/p>\n<h2>Certified translation at Way2Global<\/h2>\n<p><strong>Thirty years of experience<\/strong>\u00a0in the language services industry makes Way2Global the ideal partner to provide high-quality certified translations.<\/p>\n<p>Our network comprises more than 6,000 professionals, including\u00a0<strong>translators and linguists experienced in the legal field<\/strong>, to whom we entrust the translation of legal documents such as certificates and contracts. We exclusively work with professional translators who are specialized in law and have a proven track record in certified translations, guaranteeing maximum confidentiality through strict non-disclosure agreements.<\/p>\n<p>Our work process includes strict quality checks by experienced proofreaders and reviewers, further guaranteeing the high quality standard of our translations. Moreover, our three ISO certifications are further proof of the quality of our certified translation service.<\/p>\n<p>With more than 600 satisfied customers, Way2Global is the right choice for anyone looking for outstanding certified translation services. Would you like to be next? Contact us for a customized quote.<\/p>\n","protected":false},"excerpt":{"rendered":"<p>Certified translation\u00a0is one of the services we have been providing for more than 30 years to ensure the compliance and international validity of sensitive documents such<span class=\"excerpt-hellip\"> [\u2026]<\/span><\/p>\n","protected":false},"author":1,"featured_media":8168,"parent":1078,"menu_order":10,"comment_status":"closed","ping_status":"closed","template":"","meta":{"_acf_changed":false,"footnotes":""},"class_list":["post-6747","page","type-page","status-publish","has-post-thumbnail","hentry"],"acf":[],"yoast_head":"<!-- This site is optimized with the Yoast SEO plugin v26.1.1 - https:\/\/yoast.com\/wordpress\/plugins\/seo\/ -->\n<title>Certified Translations and language services - Way2Global<\/title>\n<meta name=\"description\" content=\"Certified translation services for sensitive documents such as birth certificates and legal documents. Guarantee of loyalty and international validity.\" \/>\n<meta name=\"robots\" content=\"index, follow, max-snippet:-1, max-image-preview:large, max-video-preview:-1\" \/>\n<link rel=\"canonical\" href=\"https:\/\/www.way2global.com\/en\/multilingual-translation-services\/certified-translation-services\/\" \/>\n<meta property=\"og:locale\" content=\"en_US\" \/>\n<meta property=\"og:type\" content=\"article\" \/>\n<meta property=\"og:title\" content=\"Certified Translations and language services - Way2Global\" \/>\n<meta property=\"og:description\" content=\"Certified translation services for sensitive documents such as birth certificates and legal documents. Guarantee of loyalty and international validity.\" \/>\n<meta property=\"og:url\" content=\"https:\/\/www.way2global.com\/en\/multilingual-translation-services\/certified-translation-services\/\" \/>\n<meta property=\"og:site_name\" content=\"Way2Global\" \/>\n<meta property=\"article:modified_time\" content=\"2024-09-26T13:55:51+00:00\" \/>\n<meta name=\"twitter:card\" content=\"summary_large_image\" \/>\n<meta name=\"twitter:label1\" content=\"Est. reading time\" \/>\n\t<meta name=\"twitter:data1\" content=\"2 minutes\" \/>\n<script type=\"application\/ld+json\" class=\"yoast-schema-graph\">{\"@context\":\"https:\/\/schema.org\",\"@graph\":[{\"@type\":\"WebPage\",\"@id\":\"https:\/\/www.way2global.com\/en\/multilingual-translation-services\/certified-translation-services\/\",\"url\":\"https:\/\/www.way2global.com\/en\/multilingual-translation-services\/certified-translation-services\/\",\"name\":\"Certified Translations and language services - Way2Global\",\"isPartOf\":{\"@id\":\"https:\/\/www.way2global.com\/en\/#website\"},\"primaryImageOfPage\":{\"@id\":\"https:\/\/www.way2global.com\/en\/multilingual-translation-services\/certified-translation-services\/#primaryimage\"},\"image\":{\"@id\":\"https:\/\/www.way2global.com\/en\/multilingual-translation-services\/certified-translation-services\/#primaryimage\"},\"thumbnailUrl\":\"https:\/\/www.way2global.com\/wp-content\/uploads\/2024\/10\/Senza-titolo-500-\u00d7-200-px-500-\u00d7-300-px-1080-\u00d7-1080-px-500-\u00d7-255-px-3.png\",\"datePublished\":\"2024-03-27T11:53:22+00:00\",\"dateModified\":\"2024-09-26T13:55:51+00:00\",\"description\":\"Certified translation services for sensitive documents such as birth certificates and legal documents. Guarantee of loyalty and international validity.\",\"breadcrumb\":{\"@id\":\"https:\/\/www.way2global.com\/en\/multilingual-translation-services\/certified-translation-services\/#breadcrumb\"},\"inLanguage\":\"en-US\",\"potentialAction\":[{\"@type\":\"ReadAction\",\"target\":[\"https:\/\/www.way2global.com\/en\/multilingual-translation-services\/certified-translation-services\/\"]}]},{\"@type\":\"ImageObject\",\"inLanguage\":\"en-US\",\"@id\":\"https:\/\/www.way2global.com\/en\/multilingual-translation-services\/certified-translation-services\/#primaryimage\",\"url\":\"https:\/\/www.way2global.com\/wp-content\/uploads\/2024\/10\/Senza-titolo-500-\u00d7-200-px-500-\u00d7-300-px-1080-\u00d7-1080-px-500-\u00d7-255-px-3.png\",\"contentUrl\":\"https:\/\/www.way2global.com\/wp-content\/uploads\/2024\/10\/Senza-titolo-500-\u00d7-200-px-500-\u00d7-300-px-1080-\u00d7-1080-px-500-\u00d7-255-px-3.png\",\"width\":1000,\"height\":510},{\"@type\":\"BreadcrumbList\",\"@id\":\"https:\/\/www.way2global.com\/en\/multilingual-translation-services\/certified-translation-services\/#breadcrumb\",\"itemListElement\":[{\"@type\":\"ListItem\",\"position\":1,\"name\":\"Home\",\"item\":\"https:\/\/www.way2global.com\/en\/\"},{\"@type\":\"ListItem\",\"position\":2,\"name\":\"Translations\",\"item\":\"https:\/\/www.way2global.com\/en\/multilingual-translation-services\/\"},{\"@type\":\"ListItem\",\"position\":3,\"name\":\"Certified translation\"}]},{\"@type\":\"WebSite\",\"@id\":\"https:\/\/www.way2global.com\/en\/#website\",\"url\":\"https:\/\/www.way2global.com\/en\/\",\"name\":\"Way2Global\",\"description\":\"\",\"potentialAction\":[{\"@type\":\"SearchAction\",\"target\":{\"@type\":\"EntryPoint\",\"urlTemplate\":\"https:\/\/www.way2global.com\/en\/?s={search_term_string}\"},\"query-input\":{\"@type\":\"PropertyValueSpecification\",\"valueRequired\":true,\"valueName\":\"search_term_string\"}}],\"inLanguage\":\"en-US\"}]}<\/script>\n<!-- \/ Yoast SEO plugin. -->","yoast_head_json":{"title":"Certified Translations and language services - Way2Global","description":"Certified translation services for sensitive documents such as birth certificates and legal documents. Guarantee of loyalty and international validity.","robots":{"index":"index","follow":"follow","max-snippet":"max-snippet:-1","max-image-preview":"max-image-preview:large","max-video-preview":"max-video-preview:-1"},"canonical":"https:\/\/www.way2global.com\/en\/multilingual-translation-services\/certified-translation-services\/","og_locale":"en_US","og_type":"article","og_title":"Certified Translations and language services - Way2Global","og_description":"Certified translation services for sensitive documents such as birth certificates and legal documents. Guarantee of loyalty and international validity.","og_url":"https:\/\/www.way2global.com\/en\/multilingual-translation-services\/certified-translation-services\/","og_site_name":"Way2Global","article_modified_time":"2024-09-26T13:55:51+00:00","twitter_card":"summary_large_image","twitter_misc":{"Est. reading time":"2 minutes"},"schema":{"@context":"https:\/\/schema.org","@graph":[{"@type":"WebPage","@id":"https:\/\/www.way2global.com\/en\/multilingual-translation-services\/certified-translation-services\/","url":"https:\/\/www.way2global.com\/en\/multilingual-translation-services\/certified-translation-services\/","name":"Certified Translations and language services - Way2Global","isPartOf":{"@id":"https:\/\/www.way2global.com\/en\/#website"},"primaryImageOfPage":{"@id":"https:\/\/www.way2global.com\/en\/multilingual-translation-services\/certified-translation-services\/#primaryimage"},"image":{"@id":"https:\/\/www.way2global.com\/en\/multilingual-translation-services\/certified-translation-services\/#primaryimage"},"thumbnailUrl":"https:\/\/www.way2global.com\/wp-content\/uploads\/2024\/10\/Senza-titolo-500-\u00d7-200-px-500-\u00d7-300-px-1080-\u00d7-1080-px-500-\u00d7-255-px-3.png","datePublished":"2024-03-27T11:53:22+00:00","dateModified":"2024-09-26T13:55:51+00:00","description":"Certified translation services for sensitive documents such as birth certificates and legal documents. Guarantee of loyalty and international validity.","breadcrumb":{"@id":"https:\/\/www.way2global.com\/en\/multilingual-translation-services\/certified-translation-services\/#breadcrumb"},"inLanguage":"en-US","potentialAction":[{"@type":"ReadAction","target":["https:\/\/www.way2global.com\/en\/multilingual-translation-services\/certified-translation-services\/"]}]},{"@type":"ImageObject","inLanguage":"en-US","@id":"https:\/\/www.way2global.com\/en\/multilingual-translation-services\/certified-translation-services\/#primaryimage","url":"https:\/\/www.way2global.com\/wp-content\/uploads\/2024\/10\/Senza-titolo-500-\u00d7-200-px-500-\u00d7-300-px-1080-\u00d7-1080-px-500-\u00d7-255-px-3.png","contentUrl":"https:\/\/www.way2global.com\/wp-content\/uploads\/2024\/10\/Senza-titolo-500-\u00d7-200-px-500-\u00d7-300-px-1080-\u00d7-1080-px-500-\u00d7-255-px-3.png","width":1000,"height":510},{"@type":"BreadcrumbList","@id":"https:\/\/www.way2global.com\/en\/multilingual-translation-services\/certified-translation-services\/#breadcrumb","itemListElement":[{"@type":"ListItem","position":1,"name":"Home","item":"https:\/\/www.way2global.com\/en\/"},{"@type":"ListItem","position":2,"name":"Translations","item":"https:\/\/www.way2global.com\/en\/multilingual-translation-services\/"},{"@type":"ListItem","position":3,"name":"Certified translation"}]},{"@type":"WebSite","@id":"https:\/\/www.way2global.com\/en\/#website","url":"https:\/\/www.way2global.com\/en\/","name":"Way2Global","description":"","potentialAction":[{"@type":"SearchAction","target":{"@type":"EntryPoint","urlTemplate":"https:\/\/www.way2global.com\/en\/?s={search_term_string}"},"query-input":{"@type":"PropertyValueSpecification","valueRequired":true,"valueName":"search_term_string"}}],"inLanguage":"en-US"}]}},"_links":{"self":[{"href":"https:\/\/www.way2global.com\/en\/wp-json\/wp\/v2\/pages\/6747","targetHints":{"allow":["GET"]}}],"collection":[{"href":"https:\/\/www.way2global.com\/en\/wp-json\/wp\/v2\/pages"}],"about":[{"href":"https:\/\/www.way2global.com\/en\/wp-json\/wp\/v2\/types\/page"}],"author":[{"embeddable":true,"href":"https:\/\/www.way2global.com\/en\/wp-json\/wp\/v2\/users\/1"}],"replies":[{"embeddable":true,"href":"https:\/\/www.way2global.com\/en\/wp-json\/wp\/v2\/comments?post=6747"}],"version-history":[{"count":2,"href":"https:\/\/www.way2global.com\/en\/wp-json\/wp\/v2\/pages\/6747\/revisions"}],"predecessor-version":[{"id":7076,"href":"https:\/\/www.way2global.com\/en\/wp-json\/wp\/v2\/pages\/6747\/revisions\/7076"}],"up":[{"embeddable":true,"href":"https:\/\/www.way2global.com\/en\/wp-json\/wp\/v2\/pages\/1078"}],"wp:featuredmedia":[{"embeddable":true,"href":"https:\/\/www.way2global.com\/en\/wp-json\/wp\/v2\/media\/8168"}],"wp:attachment":[{"href":"https:\/\/www.way2global.com\/en\/wp-json\/wp\/v2\/media?parent=6747"}],"curies":[{"name":"wp","href":"https:\/\/api.w.org\/{rel}","templated":true}]}}