{"id":1002,"date":"2021-04-01T11:47:31","date_gmt":"2021-04-01T09:47:31","guid":{"rendered":"https:\/\/way2global.sviluppo.host\/la-storia-di-way2global-societa-benefit-nativa-certificata-b-corp\/"},"modified":"2024-10-01T16:00:19","modified_gmt":"2024-10-01T14:00:19","slug":"la-storia-di-way2global-societa-benefit-nativa-certificata-b-corp","status":"publish","type":"page","link":"https:\/\/www.way2global.com\/en\/way2global-about-us\/benefit-corporation\/","title":{"rendered":"Benefit Corporation"},"content":{"rendered":"<p>Our translation agency\u2019s Benefit ethos is enshrined in our dual status as an Italian\u00a0<strong>Societ\u00e0 Benefit<\/strong>\u00a0and a certified\u00a0<strong>B Corp<\/strong>.<\/p>\n<p>The path that led us to this rebirth was long and complex but very rewarding, and today we are proud to be the first LSP (Language Service Provider) in the world to have embraced this innovative business model, which we continue to champion.<\/p>\n<p>We regard this transition as a kind of\u00a0<em>rebirth<\/em>\u00a0because our origins go back further into the past, to\u00a0<strong>1988<\/strong>\u00a0to be exact.<\/p>\n<p>That was the year\u00a0Trans-Edit Group\u00a0was founded, a Milan-based professional translation company that spent 30 years harnessing the potential of globalization and the digital revolution, becoming one of the top 100 language services providers in the world.<\/p>\n<p>One of the founding partners was\u00a0<strong>Laura Gori<\/strong>, now the founder and CEO of Way2Global. Drawing on her experience as a translator, coupled with her insatiable curiosity for artificial intelligence and machine translation, Gori was able to drive the growth of Trans-Edit Group, turning it into a small localization multinational that would go on to win a prestigious award from the Italian Stock Exchange due to its innovation and leadership in the sector.<\/p>\n<p>Although Trans-Edit Group was a just a regular company, it always had a strong innovative spirit, earning the praise: \u201cYou\u2019re a B Corp and you don\u2019t even know it!\u201d Indeed, the company\u2019s biggest strength was its\u00a0<strong>commitment to social causes<\/strong>, reflected in its innovative policies and practices spanning corporate social responsibility, company benefits, flexibility, employment and female empowerment.<\/p>\n<p>Fuelled by an ambition to be much more than a company that simply pursues profit, and by the belief that \u201cdoing business is about having an idea and turning it into value for others\u201d, in 2017 Trans-Edit underwent a transformation, with Way2Global emerging as a result.<\/p>\n<p><strong>Way2Global<\/strong>\u00a0was (re)founded as a\u00a0<strong>Benefit start-up<\/strong>\u00a0in August\u00a0<strong>2017<\/strong>\u00a0as a result of CEO Laura Gori\u2019s admiration for the revolutionary appeal of this new, disruptive American-style business model, which has now grown to over 8,300 companies in more than 96 countries worldwide.<\/p>\n<p>Our agency was therefore founded by drawing inspiration from the\u00a0<strong>B Corp philosophy<\/strong>\u00a0and, as a sign of an evolutionary break from the previous traditional company, was set up with the legal form of \u201cSociet\u00e0 Benefit\u201d, fervently championing this model around the world.<\/p>\n<p>Indeed, after the USA, Italy was the first country on the planet to add Benefit Corporation to its list of legal forms through the\u00a0<strong>Stability Law of 2016<\/strong>. Referred to as \u201cSociet\u00e0 Benefit\u201d in Italy, these newly conceived conscious enterprises combine the pursuit of profit with a commitment to the common good, measured by strict criteria and made binding by statutory obligations.<\/p>\n<p>Being a Benefit Corporation has enabled us to evolve our CSR and innovation to join a model for revolutionary change that contributes to laying the foundation for a new, more regenerative and sustainable world in terms of economic, social and environmental development.<\/p>\n<h2>B Corp: the certification for companies of the future<\/h2>\n<p>In January\u00a0<strong>2019<\/strong>, having passed a rigorous audit by certifying body B Lab Europe, based on the B Impact Assessment, we officially joined the B Corp world.<\/p>\n<p>B Corps represent a select group of companies that believe in\u00a0<strong>business as a driver for common good<\/strong>, attaching the same importance to sustainable business practices as they do the pursuit of profit.<\/p>\n<p>This business vision is perfectly in line with the mission enshrined in our slogan: \u201c<em>Translation that cares<\/em>\u201d. For us, translation means fostering understanding between different languages and cultures, but also translating the value gained into benefits for our stakeholders.<\/p>\n<p>It is a vision that has also been endorsed by the\u00a0<strong>United Nations General Assembly<\/strong>, which on 24 May 2017 officially recognized the role of professional translation \u201cin connecting nations and fostering peace, understanding and development\u201d.<\/p>\n<p>Our commitment to stakeholders, the community and the environment is reflected in\u00a0<strong>our signature projects<\/strong>, which are our \u201cB Corp way\u201d of providing translation, interpreting and localization services.<\/p>\n<p>With\u00a0<strong>Made in B Italy,<\/strong>\u00a0we want to spread the knowledge of Societ\u00e0 Benefit around the world as an all-Italian model of outstanding social innovation, responding to the need to adopt more sustainable business models and corporate governance.<\/p>\n<p>With\u00a0<strong>Green Translations<\/strong>, we are aiming to raise awareness and involve companies in the value chain in environmental initiatives, thereby making our contribution to the fight against climate change.<\/p>\n<p><strong>Language Industry 4.0<\/strong>\u00a0and\u00a0<strong>Way2Academy<\/strong>\u00a0are projects designed and implemented to promote digital transition as a lever for women\u2019s empowerment, so as to democratize the use of technology and counteract the digital mismatch in the labour market.<\/p>\n<p>Last but not least,\u00a0<strong>Anywhere Office<\/strong>\u00a0is an innovative work organization model that prioritizes employee well-being. The need that arose during the pandemic to rethink and reconfigure the geography of work was made structural at Way2Global by a collective desire to offer greater security, well-being and flexibility. A physical office, flanked by a cluster of meeting, co-working and home office spaces that promote work-life balance are the building blocks of our Anywhere Office, the \u201cdispersed office\u201d that prioritizes every individual\u2019s quality of life.<\/p>\n<p>These projects meet the\u00a0<strong>common benefit aims<\/strong>\u00a0and protection of stakeholder categories that we have decided to adopt as part of our articles of association, as well as the achievement of the KPIs integrated with the UN 2030 Agenda\u2019s Sustainable Development Goals (SDGs) that constitute our business plan.<\/p>\n<p>Our determination to pursue these initiatives stems from our civic conscience and from the role that we believe today\u2019s companies must urgently assume in driving transformation of the economy toward sustainable development.<\/p>\n<p>This is why we wanted to embark on the journey to obtain B Corp Certification: to attest to our activities\u2019 positive impact on society and the environment, in addition to the care we have always dedicated to people, corporate governance, welfare, community relations, and the ecosystem.<\/p>\n<p>The\u00a0<a href=\"https:\/\/bcorporation.eu\/\" target=\"_blank\" rel=\"noopener\">B Corp<\/a>\u00a0mark is a certification of excellence that qualifies the companies of the future, transformative companies working toward a paradigm shift that promotes solidarity, interdependence and sustainability, with the aim of responding to the major global challenges codified by the UN in the\u00a0<strong>2030 Agenda SDGs<\/strong>.<\/p>\n<p>Acting for the collective good and generating more value for the world than the resources consumed to run the business is the only way for today\u2019s companies to provide a better future for later generations. At Way2Global, we work every day to make this wish a reality.<\/p>\n<h2>Certification Notice<\/h2>\n<p>\u201cCertified B Corporation\u201d is a trademark licensed by B Lab, a private non-profit organization, to companies like ours that have successfully completed the B Impact Assessment (\u201cBIA\u201d) and therefore meet the requirements set by B Lab for social and environmental performance, accountability, and transparency.<\/p>\n<p>It is specified that B Lab is not a conformity assessment body as defined by Regulation (EU) No 765\/2008, nor is it a national, European, or international standardization body as per Regulation (EU) No 1025\/2012. The criteria of the BIA are distinct and independent from the harmonized standards resulting from ISO norms or other standardization bodies, and they are not ratified by national or European public institutions.<\/p>\n<p><strong>Fill out the form to download our code of ethics.<\/strong><\/p>\n\n<div class=\"wpcf7 no-js\" id=\"wpcf7-f7553-o1\" lang=\"it-IT\" dir=\"ltr\" data-wpcf7-id=\"7553\">\n<div class=\"screen-reader-response\"><p role=\"status\" aria-live=\"polite\" aria-atomic=\"true\"><\/p> <ul><\/ul><\/div>\n<form action=\"\/en\/wp-json\/wp\/v2\/pages\/1002#wpcf7-f7553-o1\" method=\"post\" class=\"wpcf7-form init\" aria-label=\"Modulo di contatto\" novalidate=\"novalidate\" data-status=\"init\">\n<fieldset class=\"hidden-fields-container\"><input type=\"hidden\" name=\"_wpcf7\" value=\"7553\" \/><input type=\"hidden\" name=\"_wpcf7_version\" value=\"6.1.2\" \/><input type=\"hidden\" name=\"_wpcf7_locale\" value=\"it_IT\" \/><input type=\"hidden\" name=\"_wpcf7_unit_tag\" value=\"wpcf7-f7553-o1\" \/><input type=\"hidden\" name=\"_wpcf7_container_post\" value=\"0\" \/><input type=\"hidden\" name=\"_wpcf7_posted_data_hash\" value=\"\" \/><input type=\"hidden\" name=\"_wpcf7_recaptcha_response\" value=\"\" \/>\n<\/fieldset>\n<p><label> Name*<br \/>\n<span class=\"wpcf7-form-control-wrap\" data-name=\"your-name\"><input size=\"40\" maxlength=\"400\" class=\"wpcf7-form-control wpcf7-text wpcf7-validates-as-required\" aria-required=\"true\" aria-invalid=\"false\" value=\"\" type=\"text\" name=\"your-name\" \/><\/span> <\/label>\n<\/p>\n<p><label> Surname*<br \/>\n<span class=\"wpcf7-form-control-wrap\" data-name=\"your-surname\"><input size=\"40\" maxlength=\"400\" class=\"wpcf7-form-control wpcf7-text wpcf7-validates-as-required\" aria-required=\"true\" aria-invalid=\"false\" value=\"\" type=\"text\" name=\"your-surname\" \/><\/span> <\/label>\n<\/p>\n<p><label> Email<br \/>\n<span class=\"wpcf7-form-control-wrap\" data-name=\"your-email\"><input size=\"40\" maxlength=\"400\" class=\"wpcf7-form-control wpcf7-email wpcf7-validates-as-required wpcf7-text wpcf7-validates-as-email\" aria-required=\"true\" aria-invalid=\"false\" value=\"\" type=\"email\" name=\"your-email\" \/><\/span> <\/label>\n<\/p>\n<p><span class=\"wpcf7-form-control-wrap\" data-name=\"privacy\"><span class=\"wpcf7-form-control wpcf7-acceptance\"><span class=\"wpcf7-list-item\"><label><input type=\"checkbox\" name=\"privacy\" value=\"1\" aria-invalid=\"false\" \/><span class=\"wpcf7-list-item-label\">*I declare that I have read <a target=\"blank\" href=\"\/en\/privacy-policy\">the general conditions and the privacy policy<\/a> and that I consent to the processing of my personal data<\/span><\/label><\/span><\/span><\/span><br \/>\n<span class=\"wpcf7-form-control-wrap\" data-name=\"marketing\"><span class=\"wpcf7-form-control wpcf7-acceptance optional\"><span class=\"wpcf7-list-item\"><label><input type=\"checkbox\" name=\"marketing\" value=\"1\" aria-invalid=\"false\" \/><span class=\"wpcf7-list-item-label\">I consent to the processing of personal data for the marketing purposes indicated in the <a target=\"blank\" href=\"\/en\/privacy-policy\">privacy policy<\/a><\/span><\/label><\/span><\/span><\/span>\n<\/p>\n<p><input class=\"wpcf7-form-control wpcf7-submit has-spinner\" type=\"submit\" value=\"Send\" \/>\n<\/p><input type='hidden' class='wpcf7-pum' value='{\"closepopup\":false,\"closedelay\":0,\"openpopup\":false,\"openpopup_id\":0}' \/><div class=\"wpcf7-response-output\" aria-hidden=\"true\"><\/div>\n<\/form>\n<\/div>\n\n","protected":false},"excerpt":{"rendered":"<p>Our translation agency\u2019s Benefit ethos is enshrined in our dual status as an Italian\u00a0Societ\u00e0 Benefit\u00a0and a certified\u00a0B Corp. The path that led us to this rebirth<span class=\"excerpt-hellip\"> [\u2026]<\/span><\/p>\n","protected":false},"author":1,"featured_media":5830,"parent":1030,"menu_order":1,"comment_status":"closed","ping_status":"closed","template":"istituzionale.php","meta":{"_acf_changed":false,"footnotes":""},"class_list":["post-1002","page","type-page","status-publish","has-post-thumbnail","hentry"],"acf":[],"yoast_head":"<!-- This site is optimized with the Yoast SEO plugin v26.1.1 - https:\/\/yoast.com\/wordpress\/plugins\/seo\/ -->\n<title>Italian benefit corporation and a certified B Corp - Way2Global<\/title>\n<meta name=\"description\" content=\"Way2Global is part of the Benefit Corporation movement because we want to provide translation services that create social and environmental value as well as financial growth.\" \/>\n<meta name=\"robots\" content=\"index, follow, max-snippet:-1, max-image-preview:large, max-video-preview:-1\" \/>\n<link rel=\"canonical\" href=\"https:\/\/www.way2global.com\/en\/way2global-about-us\/benefit-corporation\/\" \/>\n<meta property=\"og:locale\" content=\"en_US\" \/>\n<meta property=\"og:type\" content=\"article\" \/>\n<meta property=\"og:title\" content=\"Italian benefit corporation and a certified B Corp - Way2Global\" \/>\n<meta property=\"og:description\" content=\"Way2Global is part of the Benefit Corporation movement because we want to provide translation services that create social and environmental value as well as financial growth.\" \/>\n<meta property=\"og:url\" content=\"https:\/\/www.way2global.com\/en\/way2global-about-us\/benefit-corporation\/\" \/>\n<meta property=\"og:site_name\" content=\"Way2Global\" \/>\n<meta property=\"article:modified_time\" content=\"2024-10-01T14:00:19+00:00\" \/>\n<meta property=\"og:image\" content=\"https:\/\/www.way2global.com\/wp-content\/uploads\/2023\/05\/Senza-titolo-500-\u00d7-200-px-500-\u00d7-300-px-1080-\u00d7-1080-px-500-\u00d7-255-px-20.png\" \/>\n\t<meta property=\"og:image:width\" content=\"938\" \/>\n\t<meta property=\"og:image:height\" content=\"478\" \/>\n\t<meta property=\"og:image:type\" content=\"image\/png\" \/>\n<meta name=\"twitter:card\" content=\"summary_large_image\" \/>\n<meta name=\"twitter:label1\" content=\"Est. reading time\" \/>\n\t<meta name=\"twitter:data1\" content=\"7 minutes\" \/>\n<script type=\"application\/ld+json\" class=\"yoast-schema-graph\">{\"@context\":\"https:\/\/schema.org\",\"@graph\":[{\"@type\":\"WebPage\",\"@id\":\"https:\/\/www.way2global.com\/en\/way2global-about-us\/benefit-corporation\/\",\"url\":\"https:\/\/www.way2global.com\/en\/way2global-about-us\/benefit-corporation\/\",\"name\":\"Italian benefit corporation and a certified B Corp - Way2Global\",\"isPartOf\":{\"@id\":\"https:\/\/www.way2global.com\/en\/#website\"},\"primaryImageOfPage\":{\"@id\":\"https:\/\/www.way2global.com\/en\/way2global-about-us\/benefit-corporation\/#primaryimage\"},\"image\":{\"@id\":\"https:\/\/www.way2global.com\/en\/way2global-about-us\/benefit-corporation\/#primaryimage\"},\"thumbnailUrl\":\"https:\/\/www.way2global.com\/wp-content\/uploads\/2023\/05\/Senza-titolo-500-\u00d7-200-px-500-\u00d7-300-px-1080-\u00d7-1080-px-500-\u00d7-255-px-20.png\",\"datePublished\":\"2021-04-01T09:47:31+00:00\",\"dateModified\":\"2024-10-01T14:00:19+00:00\",\"description\":\"Way2Global is part of the Benefit Corporation movement because we want to provide translation services that create social and environmental value as well as financial growth.\",\"breadcrumb\":{\"@id\":\"https:\/\/www.way2global.com\/en\/way2global-about-us\/benefit-corporation\/#breadcrumb\"},\"inLanguage\":\"en-US\",\"potentialAction\":[{\"@type\":\"ReadAction\",\"target\":[\"https:\/\/www.way2global.com\/en\/way2global-about-us\/benefit-corporation\/\"]}]},{\"@type\":\"ImageObject\",\"inLanguage\":\"en-US\",\"@id\":\"https:\/\/www.way2global.com\/en\/way2global-about-us\/benefit-corporation\/#primaryimage\",\"url\":\"https:\/\/www.way2global.com\/wp-content\/uploads\/2023\/05\/Senza-titolo-500-\u00d7-200-px-500-\u00d7-300-px-1080-\u00d7-1080-px-500-\u00d7-255-px-20.png\",\"contentUrl\":\"https:\/\/www.way2global.com\/wp-content\/uploads\/2023\/05\/Senza-titolo-500-\u00d7-200-px-500-\u00d7-300-px-1080-\u00d7-1080-px-500-\u00d7-255-px-20.png\",\"width\":938,\"height\":478},{\"@type\":\"BreadcrumbList\",\"@id\":\"https:\/\/www.way2global.com\/en\/way2global-about-us\/benefit-corporation\/#breadcrumb\",\"itemListElement\":[{\"@type\":\"ListItem\",\"position\":1,\"name\":\"Home\",\"item\":\"https:\/\/www.way2global.com\/en\/\"},{\"@type\":\"ListItem\",\"position\":2,\"name\":\"About us\",\"item\":\"https:\/\/www.way2global.com\/en\/way2global-about-us\/\"},{\"@type\":\"ListItem\",\"position\":3,\"name\":\"Benefit Corporation\"}]},{\"@type\":\"WebSite\",\"@id\":\"https:\/\/www.way2global.com\/en\/#website\",\"url\":\"https:\/\/www.way2global.com\/en\/\",\"name\":\"Way2Global\",\"description\":\"\",\"potentialAction\":[{\"@type\":\"SearchAction\",\"target\":{\"@type\":\"EntryPoint\",\"urlTemplate\":\"https:\/\/www.way2global.com\/en\/?s={search_term_string}\"},\"query-input\":{\"@type\":\"PropertyValueSpecification\",\"valueRequired\":true,\"valueName\":\"search_term_string\"}}],\"inLanguage\":\"en-US\"}]}<\/script>\n<!-- \/ Yoast SEO plugin. -->","yoast_head_json":{"title":"Italian benefit corporation and a certified B Corp - Way2Global","description":"Way2Global is part of the Benefit Corporation movement because we want to provide translation services that create social and environmental value as well as financial growth.","robots":{"index":"index","follow":"follow","max-snippet":"max-snippet:-1","max-image-preview":"max-image-preview:large","max-video-preview":"max-video-preview:-1"},"canonical":"https:\/\/www.way2global.com\/en\/way2global-about-us\/benefit-corporation\/","og_locale":"en_US","og_type":"article","og_title":"Italian benefit corporation and a certified B Corp - Way2Global","og_description":"Way2Global is part of the Benefit Corporation movement because we want to provide translation services that create social and environmental value as well as financial growth.","og_url":"https:\/\/www.way2global.com\/en\/way2global-about-us\/benefit-corporation\/","og_site_name":"Way2Global","article_modified_time":"2024-10-01T14:00:19+00:00","og_image":[{"width":938,"height":478,"url":"https:\/\/www.way2global.com\/wp-content\/uploads\/2023\/05\/Senza-titolo-500-\u00d7-200-px-500-\u00d7-300-px-1080-\u00d7-1080-px-500-\u00d7-255-px-20.png","type":"image\/png"}],"twitter_card":"summary_large_image","twitter_misc":{"Est. reading time":"7 minutes"},"schema":{"@context":"https:\/\/schema.org","@graph":[{"@type":"WebPage","@id":"https:\/\/www.way2global.com\/en\/way2global-about-us\/benefit-corporation\/","url":"https:\/\/www.way2global.com\/en\/way2global-about-us\/benefit-corporation\/","name":"Italian benefit corporation and a certified B Corp - Way2Global","isPartOf":{"@id":"https:\/\/www.way2global.com\/en\/#website"},"primaryImageOfPage":{"@id":"https:\/\/www.way2global.com\/en\/way2global-about-us\/benefit-corporation\/#primaryimage"},"image":{"@id":"https:\/\/www.way2global.com\/en\/way2global-about-us\/benefit-corporation\/#primaryimage"},"thumbnailUrl":"https:\/\/www.way2global.com\/wp-content\/uploads\/2023\/05\/Senza-titolo-500-\u00d7-200-px-500-\u00d7-300-px-1080-\u00d7-1080-px-500-\u00d7-255-px-20.png","datePublished":"2021-04-01T09:47:31+00:00","dateModified":"2024-10-01T14:00:19+00:00","description":"Way2Global is part of the Benefit Corporation movement because we want to provide translation services that create social and environmental value as well as financial growth.","breadcrumb":{"@id":"https:\/\/www.way2global.com\/en\/way2global-about-us\/benefit-corporation\/#breadcrumb"},"inLanguage":"en-US","potentialAction":[{"@type":"ReadAction","target":["https:\/\/www.way2global.com\/en\/way2global-about-us\/benefit-corporation\/"]}]},{"@type":"ImageObject","inLanguage":"en-US","@id":"https:\/\/www.way2global.com\/en\/way2global-about-us\/benefit-corporation\/#primaryimage","url":"https:\/\/www.way2global.com\/wp-content\/uploads\/2023\/05\/Senza-titolo-500-\u00d7-200-px-500-\u00d7-300-px-1080-\u00d7-1080-px-500-\u00d7-255-px-20.png","contentUrl":"https:\/\/www.way2global.com\/wp-content\/uploads\/2023\/05\/Senza-titolo-500-\u00d7-200-px-500-\u00d7-300-px-1080-\u00d7-1080-px-500-\u00d7-255-px-20.png","width":938,"height":478},{"@type":"BreadcrumbList","@id":"https:\/\/www.way2global.com\/en\/way2global-about-us\/benefit-corporation\/#breadcrumb","itemListElement":[{"@type":"ListItem","position":1,"name":"Home","item":"https:\/\/www.way2global.com\/en\/"},{"@type":"ListItem","position":2,"name":"About us","item":"https:\/\/www.way2global.com\/en\/way2global-about-us\/"},{"@type":"ListItem","position":3,"name":"Benefit Corporation"}]},{"@type":"WebSite","@id":"https:\/\/www.way2global.com\/en\/#website","url":"https:\/\/www.way2global.com\/en\/","name":"Way2Global","description":"","potentialAction":[{"@type":"SearchAction","target":{"@type":"EntryPoint","urlTemplate":"https:\/\/www.way2global.com\/en\/?s={search_term_string}"},"query-input":{"@type":"PropertyValueSpecification","valueRequired":true,"valueName":"search_term_string"}}],"inLanguage":"en-US"}]}},"_links":{"self":[{"href":"https:\/\/www.way2global.com\/en\/wp-json\/wp\/v2\/pages\/1002","targetHints":{"allow":["GET"]}}],"collection":[{"href":"https:\/\/www.way2global.com\/en\/wp-json\/wp\/v2\/pages"}],"about":[{"href":"https:\/\/www.way2global.com\/en\/wp-json\/wp\/v2\/types\/page"}],"author":[{"embeddable":true,"href":"https:\/\/www.way2global.com\/en\/wp-json\/wp\/v2\/users\/1"}],"replies":[{"embeddable":true,"href":"https:\/\/www.way2global.com\/en\/wp-json\/wp\/v2\/comments?post=1002"}],"version-history":[{"count":13,"href":"https:\/\/www.way2global.com\/en\/wp-json\/wp\/v2\/pages\/1002\/revisions"}],"predecessor-version":[{"id":7685,"href":"https:\/\/www.way2global.com\/en\/wp-json\/wp\/v2\/pages\/1002\/revisions\/7685"}],"up":[{"embeddable":true,"href":"https:\/\/www.way2global.com\/en\/wp-json\/wp\/v2\/pages\/1030"}],"wp:featuredmedia":[{"embeddable":true,"href":"https:\/\/www.way2global.com\/en\/wp-json\/wp\/v2\/media\/5830"}],"wp:attachment":[{"href":"https:\/\/www.way2global.com\/en\/wp-json\/wp\/v2\/media?parent=1002"}],"curies":[{"name":"wp","href":"https:\/\/api.w.org\/{rel}","templated":true}]}}